{"id":134,"date":"2025-07-11T09:21:32","date_gmt":"2025-07-11T09:21:32","guid":{"rendered":"https:\/\/jay-production.de\/?page_id=134"},"modified":"2025-07-11T09:21:32","modified_gmt":"2025-07-11T09:21:32","slug":"ads","status":"publish","type":"page","link":"https:\/\/jay-production.de\/?page_id=134","title":{"rendered":"ads"},"content":{"rendered":"\n<div class=\"wp-block-group alignfull is-layout-constrained wp-block-group-is-layout-constrained\">\n<h1 class=\"wp-block-heading alignfull has-text-align-right\" id=\"advertisment\"><strong>Advertisments<\/strong><\/h1>\n\n\n\n<p><strong>Was ist eine Ad?<\/strong><br>Eine Ad ist eine bezahlte Werbeanzeige als Video. Sie wird gezielt auf deine Zielgruppe ausgespielt \u2013 auf Instagram, TikTok oder YouTube.<\/p>\n\n\n\n<p><strong>Was macht eine gute Ad aus?<\/strong><br>Sie muss sofort knallen. Der Zuschauer darf nicht weiterscrollen. Daf\u00fcr braucht es starke Bilder, schnelle \u00dcberg\u00e4nge, kurze Botschaften \u2013 perfekt auf dein Produkt oder deine Dienstleistung zugeschnitten.<\/p>\n\n\n\n<p><strong>Wie l\u00e4uft es bei mir ab?<\/strong><\/p>\n\n\n\n<ul class=\"wp-block-list\">\n<li>Du sagst mir, was beworben werden soll.<\/li>\n\n\n\n<li>Wir planen deine Botschaft.<\/li>\n\n\n\n<li>Ich drehe oder nutze dein Material.<\/li>\n\n\n\n<li>Ich schneide eine Ad, die in Sekunden \u00fcberzeugt.<\/li>\n<\/ul>\n\n\n\n<figure class=\"wp-block-table alignfull has-small-font-size\"><table class=\"has-fixed-layout\"><tbody><tr><td class=\"has-text-align-center\" data-align=\"center\">Basic<br>Paket<br><em>(125 \u20ac)<\/em><\/td><td class=\"has-text-align-center\" data-align=\"center\"><strong>Standard<\/strong><br>Paket<br><em><strong>(275 \u20ac)<\/strong><\/em><\/td><td class=\"has-text-align-center\" data-align=\"center\">Premium<br>Paket<br><em>(500 \u20ac)<\/em><\/td><\/tr><tr><td class=\"has-text-align-center\" data-align=\"center\">15 &#8211; 30 Sekunden<\/td><td class=\"has-text-align-center\" data-align=\"center\"><strong>30 &#8211; 60 Sekunden<\/strong><\/td><td class=\"has-text-align-center\" data-align=\"center\">Bis zu 180 Sekunden<\/td><\/tr><tr><td class=\"has-text-align-center\" data-align=\"center\">Kurz und knackig, fokusiert auf Produkt oder Marke<\/td><td class=\"has-text-align-center\" data-align=\"center\"><strong>Mehrere Szenen \/ Kamerawinkel<\/strong><\/td><td class=\"has-text-align-center\" data-align=\"center\">Komplettes Konzept mit Storyboard<\/td><\/tr><tr><td class=\"has-text-align-center\" data-align=\"center\">Einfacher Schnitt, Musik, Logo-Integration<\/td><td class=\"has-text-align-center\" data-align=\"center\"><strong>Professionelle Farb- und Soundbearbeitung<\/strong><\/td><td class=\"has-text-align-center\" data-align=\"center\">Dreh mit Lichttechnik etc.<\/td><\/tr><tr><td class=\"has-text-align-center\" data-align=\"center\">1 Korrekturrunde<\/td><td class=\"has-text-align-center\" data-align=\"center\"><strong>Text- und Grafikeinblendungen<\/strong><\/td><td class=\"has-text-align-center\" data-align=\"center\">Hochwertige Effekte<\/td><\/tr><tr><td class=\"has-text-align-center\" data-align=\"center\"><\/td><td class=\"has-text-align-center\" data-align=\"center\"><strong>2 Korrekturrunden<\/strong><\/td><td class=\"has-text-align-center\" data-align=\"center\">Professionelle Sprecher\/in (optional)<\/td><\/tr><tr><td class=\"has-text-align-center\" data-align=\"center\"><\/td><td class=\"has-text-align-center\" data-align=\"center\"><strong>Verschiedene Formate (z.b. Instagram, Facebook, YouTube)<\/strong><\/td><td class=\"has-text-align-center\" data-align=\"center\">4 Korrekturrunden<\/td><\/tr><tr><td class=\"has-text-align-center\" data-align=\"center\"><\/td><td class=\"has-text-align-center\" data-align=\"center\"><\/td><td class=\"has-text-align-center\" data-align=\"center\">Gesonderte Priorisierung<\/td><\/tr><\/tbody><\/table><\/figure>\n\n\n\n<div class=\"wp-block-group is-layout-constrained wp-block-group-is-layout-constrained\">\n<div class=\"wp-block-media-text is-stacked-on-mobile\"><figure class=\"wp-block-media-text__media\"><\/figure><div class=\"wp-block-media-text__content\">\n<p class=\"has-medium-font-size\"><strong>Foto Shooting<\/strong><\/p>\n\n\n\n<p class=\"has-small-font-size\">Pro Bild<sup>3<\/sup> | +5 \u20ac<\/p>\n<\/div><\/div>\n\n\n\n<div class=\"wp-block-media-text has-media-on-the-right is-stacked-on-mobile\"><div class=\"wp-block-media-text__content\">\n<p class=\"has-medium-font-size\"><strong>Express Lieferung<\/strong><\/p>\n\n\n\n<p class=\"has-small-font-size\">Innerhalb von 48 Stunden | + 125 \u20ac<\/p>\n<\/div><figure class=\"wp-block-media-text__media\"><\/figure><\/div>\n\n\n\n<div class=\"wp-block-media-text is-stacked-on-mobile\"><figure class=\"wp-block-media-text__media\"><\/figure><div class=\"wp-block-media-text__content\">\n<p class=\"has-medium-font-size\"><strong>Rohdaten bereitstellen<\/strong><\/p>\n\n\n\n<p class=\"has-small-font-size\">+ 100 \u20ac <\/p>\n<\/div><\/div>\n\n\n\n<div class=\"wp-block-media-text has-media-on-the-right is-stacked-on-mobile\"><div class=\"wp-block-media-text__content\">\n<p class=\"has-medium-font-size\"><strong>Extra Korrekturrunden<\/strong><\/p>\n\n\n\n<p class=\"has-small-font-size\">jede Runde + 40 \u20ac<\/p>\n<\/div><figure class=\"wp-block-media-text__media\"><\/figure><\/div>\n<\/div>\n\n\n\n<p class=\"has-ast-global-color-8-color has-text-color has-link-color wp-elements-a5850fb791670325fb8b6173fefa09ce\"><a href=\"#187\">Wenn du mehr willst als 08\/15 \u2013 melde dich. Deine Ads sollen nicht einfach da sein \u2013 sie sollen gesehen werden!<\/a><\/p>\n<\/div>\n","protected":false},"excerpt":{"rendered":"<p>Advertisments Was ist eine Ad?Eine Ad ist eine bezahlte Werbeanzeige als Video. Sie wird gezielt auf deine Zielgruppe ausgespielt \u2013 [&hellip;]<\/p>\n","protected":false},"author":1,"featured_media":0,"parent":0,"menu_order":0,"comment_status":"closed","ping_status":"closed","template":"","meta":{"site-sidebar-layout":"default","site-content-layout":"","ast-site-content-layout":"default","site-content-style":"default","site-sidebar-style":"default","ast-global-header-display":"","ast-banner-title-visibility":"","ast-main-header-display":"","ast-hfb-above-header-display":"","ast-hfb-below-header-display":"","ast-hfb-mobile-header-display":"","site-post-title":"disabled","ast-breadcrumbs-content":"","ast-featured-img":"","footer-sml-layout":"","theme-transparent-header-meta":"","adv-header-id-meta":"","stick-header-meta":"","header-above-stick-meta":"","header-main-stick-meta":"","header-below-stick-meta":"","astra-migrate-meta-layouts":"default","ast-page-background-enabled":"default","ast-page-background-meta":{"desktop":{"background-color":"var(--ast-global-color-5)","background-image":"","background-repeat":"repeat","background-position":"center center","background-size":"auto","background-attachment":"scroll","background-type":"","background-media":"","overlay-type":"","overlay-color":"","overlay-opacity":"","overlay-gradient":""},"tablet":{"background-color":"","background-image":"","background-repeat":"repeat","background-position":"center center","background-size":"auto","background-attachment":"scroll","background-type":"","background-media":"","overlay-type":"","overlay-color":"","overlay-opacity":"","overlay-gradient":""},"mobile":{"background-color":"","background-image":"","background-repeat":"repeat","background-position":"center center","background-size":"auto","background-attachment":"scroll","background-type":"","background-media":"","overlay-type":"","overlay-color":"","overlay-opacity":"","overlay-gradient":""}},"ast-content-background-meta":{"desktop":{"background-color":"var(--ast-global-color-4)","background-image":"","background-repeat":"repeat","background-position":"center center","background-size":"auto","background-attachment":"scroll","background-type":"","background-media":"","overlay-type":"","overlay-color":"","overlay-opacity":"","overlay-gradient":""},"tablet":{"background-color":"var(--ast-global-color-4)","background-image":"","background-repeat":"repeat","background-position":"center center","background-size":"auto","background-attachment":"scroll","background-type":"","background-media":"","overlay-type":"","overlay-color":"","overlay-opacity":"","overlay-gradient":""},"mobile":{"background-color":"var(--ast-global-color-4)","background-image":"","background-repeat":"repeat","background-position":"center center","background-size":"auto","background-attachment":"scroll","background-type":"","background-media":"","overlay-type":"","overlay-color":"","overlay-opacity":"","overlay-gradient":""}},"footnotes":""},"class_list":["post-134","page","type-page","status-publish","hentry"],"_links":{"self":[{"href":"https:\/\/jay-production.de\/index.php?rest_route=\/wp\/v2\/pages\/134","targetHints":{"allow":["GET"]}}],"collection":[{"href":"https:\/\/jay-production.de\/index.php?rest_route=\/wp\/v2\/pages"}],"about":[{"href":"https:\/\/jay-production.de\/index.php?rest_route=\/wp\/v2\/types\/page"}],"author":[{"embeddable":true,"href":"https:\/\/jay-production.de\/index.php?rest_route=\/wp\/v2\/users\/1"}],"replies":[{"embeddable":true,"href":"https:\/\/jay-production.de\/index.php?rest_route=%2Fwp%2Fv2%2Fcomments&post=134"}],"version-history":[{"count":1,"href":"https:\/\/jay-production.de\/index.php?rest_route=\/wp\/v2\/pages\/134\/revisions"}],"predecessor-version":[{"id":135,"href":"https:\/\/jay-production.de\/index.php?rest_route=\/wp\/v2\/pages\/134\/revisions\/135"}],"wp:attachment":[{"href":"https:\/\/jay-production.de\/index.php?rest_route=%2Fwp%2Fv2%2Fmedia&parent=134"}],"curies":[{"name":"wp","href":"https:\/\/api.w.org\/{rel}","templated":true}]}}